{"id":40,"date":"2015-01-27T18:09:26","date_gmt":"2015-01-27T17:09:26","guid":{"rendered":"http:\/\/feuerwehr-oberriexingen.de\/content\/?page_id=40"},"modified":"2018-12-08T17:19:04","modified_gmt":"2018-12-08T16:19:04","slug":"impressum","status":"publish","type":"page","link":"https:\/\/feuerwehr-oberriexingen.de\/content\/impressum\/","title":{"rendered":"Impressum"},"content":{"rendered":"<p>Angaben gem\u00e4\u00df \u00a7 5 TMG<\/p>\n<h4>Kontakt:<\/h4>\n<p><strong>Anschrift <\/strong><br \/>\nFreiwillige Feuerwehr Oberriexingen<br \/>\nM\u00fchlstra\u00dfe 16<br \/>\n71739 Oberriexingen<\/p>\n<p>Telefon:\u00a0<a class=\"fl r-iwpCnhcBR5ZE\" title=\"\u00dcber Hangouts anrufen\" href=\"https:\/\/www.google.de\/search?q=feuerwehr+oberriexingen&amp;ie=&amp;oe=#\" data-number=\"+497042978109\" data-pstn-out-call-url=\"\" data-rtid=\"iwpCnhcBR5ZE\" data-ved=\"2ahUKEwjK--DoiYTfAhWIK1AKHUT_DNcQkAgoADAUegQIBRAH\">07042 978109<\/a><br \/>\nE-Mail: <a>info@feuerwehr-oberriexingen.de<\/a><\/p>\n<p><strong>Inhaltlich verantwortlich <\/strong><br \/>\nKommandant Tobias Grieble<br \/>\nFreiwillige Feuerwehr Oberriexingen<br \/>\nM\u00fchlstra\u00dfe 16<br \/>\n71739 Oberriexingen<\/p>\n<h4>Aufsichtsbeh\u00f6rde:<\/h4>\n<p><strong>Stadt Oberriexingen<\/strong><br \/>\nDie Stadt Oberriexingen stellt eine K\u00f6rperschaft des \u00f6ffentlichen Rechts dar.<\/p>\n<p><span class=\"tsmcontroller\">Stadt Oberriexingen<br \/>\nTelefon: 07042-9090<br \/>\nE-Mail: Rathaus@oberriexingen.de<\/span><\/p>\n<p>Wir sind nicht bereit oder verpflichtet, an Streitbeilegungsverfahren vor einer<br \/>\nVerbraucherschlichtungsstelle teilzunehmen.<\/p>\n<p><strong>Haftung f\u00fcr Inhalte<\/strong><br \/>\nAls Diensteanbieter sind wir gem\u00e4\u00df \u00a7 7 Abs.1 TMG f\u00fcr eigene Inhalte auf diesen Seiten nach den<br \/>\nallgemeinen Gesetzen verantwortlich. Nach \u00a7\u00a7 8 bis 10 TMG sind wir als Diensteanbieter jedoch nicht<br \/>\nverpflichtet, \u00fcbermittelte oder gespeicherte fremde Informationen zu \u00fcberwachen oder nach Umst\u00e4nden zu<br \/>\nforschen, die auf eine rechtswidrige T\u00e4tigkeit hinweisen.<br \/>\nVerpflichtungen zur Entfernung oder Sperrung der Nutzung von Informationen nach den allgemeinen<br \/>\nGesetzen bleiben hiervon unber\u00fchrt. Eine diesbez\u00fcgliche Haftung ist jedoch erst ab dem Zeitpunkt der<br \/>\nKenntnis einer konkreten Rechtsverletzung m\u00f6glich. Bei Bekanntwerden von entsprechenden<br \/>\nRechtsverletzungen werden wir diese Inhalte umgehend entfernen.<br \/>\n<strong>Haftung f\u00fcr Links<\/strong><\/p>\n<p>Unser Angebot enth\u00e4lt Links zu externen Websites Dritter, auf deren Inhalte wir keinen Einfluss haben.<br \/>\nDeshalb k\u00f6nnen wir f\u00fcr diese fremden Inhalte auch keine Gew\u00e4hr \u00fcbernehmen. F\u00fcr die Inhalte der<br \/>\nverlinkten Seiten ist stets der jeweilige Anbieter oder Betreiber der Seiten verantwortlich. Die verlinkten<br \/>\nSeiten wurden zum Zeitpunkt der Verlinkung auf m\u00f6gliche Rechtsverst\u00f6\u00dfe \u00fcberpr\u00fcft. Rechtswidrige Inhalte<br \/>\nwaren zum Zeitpunkt der Verlinkung nicht erkennbar.<br \/>\nEine permanente inhaltliche Kontrolle der verlinkten Seiten ist jedoch ohne konkrete Anhaltspunkte einer Rechtsverletzung nicht zumutbar. Bei Bekanntwerden von Rechtsverletzungen werden wir derartige Links<br \/>\numgehend entfernen.<\/p>\n<p><strong>Urheberrecht<\/strong><br \/>\nDie durch die Seitenbetreiber erstellten Inhalte und Werke auf diesen Seiten unterliegen dem deutschen<br \/>\nUrheberrecht. Die Vervielf\u00e4ltigung, Bearbeitung, Verbreitung und jede Art der Verwertung au\u00dferhalb der<br \/>\nGrenzen des Urheberrechtes bed\u00fcrfen der schriftlichen Zustimmung des jeweiligen Autors bzw. Erstellers.<br \/>\nDownloads und Kopien dieser Seite sind nur f\u00fcr den privaten, nicht kommerziellen Gebrauch gestattet.<br \/>\nSoweit die Inhalte auf dieser Seite nicht vom Betreiber erstellt wurden, werden die Urheberrechte Dritter<br \/>\nbeachtet. Insbesondere werden Inhalte Dritter als solche gekennzeichnet. Sollten Sie trotzdem auf eine<br \/>\nUrheberrechtsverletzung aufmerksam werden, bitten wir um einen entsprechenden Hinweis. Bei<br \/>\nBekanntwerden von Rechtsverletzungen werden wir derartige Inhalte umgehend entfernen.<\/p>\n<p>Quelle:<br \/>\nhttps:\/\/www.e-recht24.de<\/p>\n","protected":false},"excerpt":{"rendered":"<p>Angaben gem\u00e4\u00df \u00a7 5 TMG Kontakt: Anschrift Freiwillige Feuerwehr Oberriexingen M\u00fchlstra\u00dfe 16 71739 Oberriexingen Telefon:\u00a007042 978109 E-Mail: info@feuerwehr-oberriexingen.de Inhaltlich verantwortlich Kommandant Tobias Grieble Freiwillige Feuerwehr Oberriexingen M\u00fchlstra\u00dfe 16 71739 Oberriexingen Aufsichtsbeh\u00f6rde: Stadt Oberriexingen Die Stadt Oberriexingen stellt eine K\u00f6rperschaft des &hellip;<\/p>\n<p class=\"read-more\"> <a class=\"more-link\" href=\"https:\/\/feuerwehr-oberriexingen.de\/content\/impressum\/\"> <span class=\"screen-reader-text\">Impressum<\/span> Weiterlesen &raquo;<\/a><\/p>\n","protected":false},"author":1,"featured_media":0,"parent":0,"menu_order":0,"comment_status":"closed","ping_status":"closed","template":"","meta":{"_cbd_carousel_blocks":"[]"},"yoast_head":"<!-- This site is optimized with the Yoast SEO plugin v17.8 - https:\/\/yoast.com\/wordpress\/plugins\/seo\/ -->\n<title>Impressum - Freiwillige Feuerwehr Oberriexingen<\/title>\n<meta name=\"robots\" content=\"index, follow, max-snippet:-1, max-image-preview:large, max-video-preview:-1\" \/>\n<link rel=\"canonical\" href=\"https:\/\/feuerwehr-oberriexingen.de\/content\/impressum\/\" \/>\n<meta property=\"og:locale\" content=\"de_DE\" \/>\n<meta property=\"og:type\" content=\"article\" \/>\n<meta property=\"og:title\" content=\"Impressum - Freiwillige Feuerwehr Oberriexingen\" \/>\n<meta property=\"og:description\" content=\"Angaben gem\u00e4\u00df \u00a7 5 TMG Kontakt: Anschrift Freiwillige Feuerwehr Oberriexingen M\u00fchlstra\u00dfe 16 71739 Oberriexingen Telefon:\u00a007042 978109 E-Mail: info@feuerwehr-oberriexingen.de Inhaltlich verantwortlich Kommandant Tobias Grieble Freiwillige Feuerwehr Oberriexingen M\u00fchlstra\u00dfe 16 71739 Oberriexingen Aufsichtsbeh\u00f6rde: Stadt Oberriexingen Die Stadt Oberriexingen stellt eine K\u00f6rperschaft des &hellip; Impressum Weiterlesen &raquo;\" \/>\n<meta property=\"og:url\" content=\"https:\/\/feuerwehr-oberriexingen.de\/content\/impressum\/\" \/>\n<meta property=\"og:site_name\" content=\"Freiwillige Feuerwehr Oberriexingen\" \/>\n<meta property=\"article:publisher\" content=\"https:\/\/www.facebook.com\/ffwoberriexingen\/\" \/>\n<meta property=\"article:modified_time\" content=\"2018-12-08T16:19:04+00:00\" \/>\n<meta property=\"og:image\" content=\"https:\/\/feuerwehr-oberriexingen.de\/content\/wp-content\/uploads\/2016\/03\/20160312_Grundausbildung_1.jpg\" \/>\n\t<meta property=\"og:image:width\" content=\"1024\" \/>\n\t<meta property=\"og:image:height\" content=\"576\" \/>\n<meta name=\"twitter:label1\" content=\"Gesch\u00e4tzte Lesezeit\" \/>\n\t<meta name=\"twitter:data1\" content=\"2\u00a0Minuten\" \/>\n<script type=\"application\/ld+json\" class=\"yoast-schema-graph\">{\"@context\":\"https:\/\/schema.org\",\"@graph\":[{\"@type\":\"WebSite\",\"@id\":\"https:\/\/feuerwehr-oberriexingen.de\/content\/#website\",\"url\":\"https:\/\/feuerwehr-oberriexingen.de\/content\/\",\"name\":\"Freiwillige Feuerwehr Oberriexingen\",\"description\":\"24h f\\u00fcr Sie im Einsatz\",\"potentialAction\":[{\"@type\":\"SearchAction\",\"target\":{\"@type\":\"EntryPoint\",\"urlTemplate\":\"https:\/\/feuerwehr-oberriexingen.de\/content\/?s={search_term_string}\"},\"query-input\":\"required name=search_term_string\"}],\"inLanguage\":\"de\"},{\"@type\":\"WebPage\",\"@id\":\"https:\/\/feuerwehr-oberriexingen.de\/content\/impressum\/#webpage\",\"url\":\"https:\/\/feuerwehr-oberriexingen.de\/content\/impressum\/\",\"name\":\"Impressum - Freiwillige Feuerwehr Oberriexingen\",\"isPartOf\":{\"@id\":\"https:\/\/feuerwehr-oberriexingen.de\/content\/#website\"},\"datePublished\":\"2015-01-27T17:09:26+00:00\",\"dateModified\":\"2018-12-08T16:19:04+00:00\",\"breadcrumb\":{\"@id\":\"https:\/\/feuerwehr-oberriexingen.de\/content\/impressum\/#breadcrumb\"},\"inLanguage\":\"de\",\"potentialAction\":[{\"@type\":\"ReadAction\",\"target\":[\"https:\/\/feuerwehr-oberriexingen.de\/content\/impressum\/\"]}]},{\"@type\":\"BreadcrumbList\",\"@id\":\"https:\/\/feuerwehr-oberriexingen.de\/content\/impressum\/#breadcrumb\",\"itemListElement\":[{\"@type\":\"ListItem\",\"position\":1,\"name\":\"Home\",\"item\":\"https:\/\/feuerwehr-oberriexingen.de\/content\/\"},{\"@type\":\"ListItem\",\"position\":2,\"name\":\"Impressum\"}]}]}<\/script>\n<!-- \/ Yoast SEO plugin. -->","yoast_head_json":{"title":"Impressum - Freiwillige Feuerwehr Oberriexingen","robots":{"index":"index","follow":"follow","max-snippet":"max-snippet:-1","max-image-preview":"max-image-preview:large","max-video-preview":"max-video-preview:-1"},"canonical":"https:\/\/feuerwehr-oberriexingen.de\/content\/impressum\/","og_locale":"de_DE","og_type":"article","og_title":"Impressum - Freiwillige Feuerwehr Oberriexingen","og_description":"Angaben gem\u00e4\u00df \u00a7 5 TMG Kontakt: Anschrift Freiwillige Feuerwehr Oberriexingen M\u00fchlstra\u00dfe 16 71739 Oberriexingen Telefon:\u00a007042 978109 E-Mail: info@feuerwehr-oberriexingen.de Inhaltlich verantwortlich Kommandant Tobias Grieble Freiwillige Feuerwehr Oberriexingen M\u00fchlstra\u00dfe 16 71739 Oberriexingen Aufsichtsbeh\u00f6rde: Stadt Oberriexingen Die Stadt Oberriexingen stellt eine K\u00f6rperschaft des &hellip; Impressum Weiterlesen &raquo;","og_url":"https:\/\/feuerwehr-oberriexingen.de\/content\/impressum\/","og_site_name":"Freiwillige Feuerwehr Oberriexingen","article_publisher":"https:\/\/www.facebook.com\/ffwoberriexingen\/","article_modified_time":"2018-12-08T16:19:04+00:00","og_image":[{"width":1024,"height":576,"url":"https:\/\/feuerwehr-oberriexingen.de\/content\/wp-content\/uploads\/2016\/03\/20160312_Grundausbildung_1.jpg","type":"image\/jpeg"}],"twitter_misc":{"Gesch\u00e4tzte Lesezeit":"2\u00a0Minuten"},"schema":{"@context":"https:\/\/schema.org","@graph":[{"@type":"WebSite","@id":"https:\/\/feuerwehr-oberriexingen.de\/content\/#website","url":"https:\/\/feuerwehr-oberriexingen.de\/content\/","name":"Freiwillige Feuerwehr Oberriexingen","description":"24h f\u00fcr Sie im Einsatz","potentialAction":[{"@type":"SearchAction","target":{"@type":"EntryPoint","urlTemplate":"https:\/\/feuerwehr-oberriexingen.de\/content\/?s={search_term_string}"},"query-input":"required name=search_term_string"}],"inLanguage":"de"},{"@type":"WebPage","@id":"https:\/\/feuerwehr-oberriexingen.de\/content\/impressum\/#webpage","url":"https:\/\/feuerwehr-oberriexingen.de\/content\/impressum\/","name":"Impressum - Freiwillige Feuerwehr Oberriexingen","isPartOf":{"@id":"https:\/\/feuerwehr-oberriexingen.de\/content\/#website"},"datePublished":"2015-01-27T17:09:26+00:00","dateModified":"2018-12-08T16:19:04+00:00","breadcrumb":{"@id":"https:\/\/feuerwehr-oberriexingen.de\/content\/impressum\/#breadcrumb"},"inLanguage":"de","potentialAction":[{"@type":"ReadAction","target":["https:\/\/feuerwehr-oberriexingen.de\/content\/impressum\/"]}]},{"@type":"BreadcrumbList","@id":"https:\/\/feuerwehr-oberriexingen.de\/content\/impressum\/#breadcrumb","itemListElement":[{"@type":"ListItem","position":1,"name":"Home","item":"https:\/\/feuerwehr-oberriexingen.de\/content\/"},{"@type":"ListItem","position":2,"name":"Impressum"}]}]}},"_links":{"self":[{"href":"https:\/\/feuerwehr-oberriexingen.de\/content\/wp-json\/wp\/v2\/pages\/40"}],"collection":[{"href":"https:\/\/feuerwehr-oberriexingen.de\/content\/wp-json\/wp\/v2\/pages"}],"about":[{"href":"https:\/\/feuerwehr-oberriexingen.de\/content\/wp-json\/wp\/v2\/types\/page"}],"author":[{"embeddable":true,"href":"https:\/\/feuerwehr-oberriexingen.de\/content\/wp-json\/wp\/v2\/users\/1"}],"replies":[{"embeddable":true,"href":"https:\/\/feuerwehr-oberriexingen.de\/content\/wp-json\/wp\/v2\/comments?post=40"}],"version-history":[{"count":14,"href":"https:\/\/feuerwehr-oberriexingen.de\/content\/wp-json\/wp\/v2\/pages\/40\/revisions"}],"predecessor-version":[{"id":1711,"href":"https:\/\/feuerwehr-oberriexingen.de\/content\/wp-json\/wp\/v2\/pages\/40\/revisions\/1711"}],"wp:attachment":[{"href":"https:\/\/feuerwehr-oberriexingen.de\/content\/wp-json\/wp\/v2\/media?parent=40"}],"curies":[{"name":"wp","href":"https:\/\/api.w.org\/{rel}","templated":true}]}}